{"id":1586,"date":"2026-05-07T11:00:21","date_gmt":"2026-05-07T11:00:21","guid":{"rendered":"https:\/\/hanatabaretail.com\/retail-partner\/"},"modified":"2026-05-07T12:51:42","modified_gmt":"2026-05-07T12:51:42","slug":"retail-partner","status":"publish","type":"page","link":"https:\/\/hanatabaretail.com\/da\/retail-partner\/","title":{"rendered":"Retail Partner"},"content":{"rendered":"<div class=\"et_pb_section_0 et_pb_section et_section_regular et_flex_section\">\n<div class=\"et_pb_row_0 et_pb_row et_flex_row preset--module--divi-row--default\">\n<div class=\"et_pb_column_0 et_pb_column et-last-child et_flex_column et_pb_css_mix_blend_mode_passthrough et_flex_column_24_24 et_flex_column_24_24_tablet et_flex_column_24_24_phone\">\n<div class=\"et_pb_login_0 et_pb_login et_pb_newsletter et_pb_bg_layout_dark et_pb_module et_flex_module preset--group--divi-login--divi-border--r2vz7qio9m\"><div class=\"et_pb_newsletter_description\"><h2 class=\"et_pb_module_header\">Retail Partner Login<\/h2><div class=\"et_pb_newsletter_description_content\"><p>Log ind for at f\u00e5 adgang til din engroskonto, priser og ordrehistorik.<\/p>\n<p>Hvis du ikke har en konto endnu, kan du oprette en i forbindelse med din f\u00f8rste ordre eller kontakte os, s\u00e5 hj\u00e6lper vi dig gerne i gang.<\/p>\n<\/div><\/div><div class=\"et_pb_newsletter_form et_pb_login_form\"><form action=\"https:\/\/hanatabaretail.com\/da\/wp-login.php\" method=\"post\"><p class=\"et_pb_contact_form_field\"><label class=\"et_pb_contact_form_label\" for=\"user_login_0\" style=\"display: none;\">Brugernavn<\/label><input class=\"input\" id=\"user_login_0\" placeholder=\"Brugernavn\" type=\"text\" value=\"\" name=\"log\" \/><\/p><p class=\"et_pb_contact_form_field\"><label class=\"et_pb_contact_form_label\" for=\"user_pass_0\" style=\"display: none;\">Adgangskode<\/label><input class=\"input\" id=\"user_pass_0\" placeholder=\"Adgangskode\" type=\"password\" value=\"\" name=\"pwd\" \/><\/p><p class=\"et_pb_forgot_password\"><a href=\"https:\/\/hanatabaretail.com\/da\/my-account\/lost-password\/\">Glemt din adgangskode?<\/a><\/p><p><button type=\"submit\" name=\"et_builder_submit_button\" class=\"et_pb_button et_pb_newsletter_button\">Login<\/button><\/p><\/form><\/div><\/div>\n<\/div>\n<\/div>\n<\/div>","protected":false},"excerpt":{"rendered":"","protected":false},"author":1,"featured_media":0,"parent":0,"menu_order":0,"comment_status":"closed","ping_status":"closed","template":"","meta":{"_acf_changed":false,"footnotes":""},"class_list":["post-1586","page","type-page","status-publish","hentry"],"acf":[],"_links":{"self":[{"href":"https:\/\/hanatabaretail.com\/da\/wp-json\/wp\/v2\/pages\/1586","targetHints":{"allow":["GET"]}}],"collection":[{"href":"https:\/\/hanatabaretail.com\/da\/wp-json\/wp\/v2\/pages"}],"about":[{"href":"https:\/\/hanatabaretail.com\/da\/wp-json\/wp\/v2\/types\/page"}],"author":[{"embeddable":true,"href":"https:\/\/hanatabaretail.com\/da\/wp-json\/wp\/v2\/users\/1"}],"replies":[{"embeddable":true,"href":"https:\/\/hanatabaretail.com\/da\/wp-json\/wp\/v2\/comments?post=1586"}],"version-history":[{"count":2,"href":"https:\/\/hanatabaretail.com\/da\/wp-json\/wp\/v2\/pages\/1586\/revisions"}],"predecessor-version":[{"id":1588,"href":"https:\/\/hanatabaretail.com\/da\/wp-json\/wp\/v2\/pages\/1586\/revisions\/1588"}],"wp:attachment":[{"href":"https:\/\/hanatabaretail.com\/da\/wp-json\/wp\/v2\/media?parent=1586"}],"curies":[{"name":"wp","href":"https:\/\/api.w.org\/{rel}","templated":true}]}}